{"id":41,"date":"2024-02-16T09:11:49","date_gmt":"2024-02-16T09:11:49","guid":{"rendered":"https:\/\/fortunatune.dk\/?page_id=41"},"modified":"2024-02-16T09:16:10","modified_gmt":"2024-02-16T09:16:10","slug":"forside","status":"publish","type":"page","link":"https:\/\/fortunatune.dk\/","title":{"rendered":""},"content":{"rendered":"\n<p>Grundejerforeningen FORTUNA d\u00e6kker en udstykning i den nord\u00f8stlige del af Tune, best\u00e5ende af 176 parceller beliggende p\u00e5: Tune Parkvej 9-43, Tuneg\u00e5rdsvej, Lotusvej. Mimosevej, Gardeniavej, Lavendelvej, \u00c5kandevej, Begoniavej, Astilbevej, Orkidevej og Hvidkl\u00f8vervej. <br>Omr\u00e5det er ogs\u00e5 kendt som Blomsterkvarteret.<\/p>\n","protected":false},"excerpt":{"rendered":"<p>Grundejerforeningen FORTUNA d\u00e6kker en udstykning i den nord\u00f8stlige del af Tune, best\u00e5ende af 176 parceller beliggende p\u00e5: Tune Parkvej 9-43, Tuneg\u00e5rdsvej, Lotusvej. Mimosevej, Gardeniavej, Lavendelvej, \u00c5kandevej, Begoniavej, Astilbevej, Orkidevej og Hvidkl\u00f8vervej. Omr\u00e5det er ogs\u00e5 kendt som Blomsterkvarteret.<\/p>\n","protected":false},"author":1,"featured_media":0,"parent":0,"menu_order":0,"comment_status":"closed","ping_status":"closed","template":"","meta":{"footnotes":""},"class_list":["post-41","page","type-page","status-publish","hentry"],"_links":{"self":[{"href":"https:\/\/fortunatune.dk\/index.php\/wp-json\/wp\/v2\/pages\/41","targetHints":{"allow":["GET"]}}],"collection":[{"href":"https:\/\/fortunatune.dk\/index.php\/wp-json\/wp\/v2\/pages"}],"about":[{"href":"https:\/\/fortunatune.dk\/index.php\/wp-json\/wp\/v2\/types\/page"}],"author":[{"embeddable":true,"href":"https:\/\/fortunatune.dk\/index.php\/wp-json\/wp\/v2\/users\/1"}],"replies":[{"embeddable":true,"href":"https:\/\/fortunatune.dk\/index.php\/wp-json\/wp\/v2\/comments?post=41"}],"version-history":[{"count":3,"href":"https:\/\/fortunatune.dk\/index.php\/wp-json\/wp\/v2\/pages\/41\/revisions"}],"predecessor-version":[{"id":44,"href":"https:\/\/fortunatune.dk\/index.php\/wp-json\/wp\/v2\/pages\/41\/revisions\/44"}],"wp:attachment":[{"href":"https:\/\/fortunatune.dk\/index.php\/wp-json\/wp\/v2\/media?parent=41"}],"curies":[{"name":"wp","href":"https:\/\/api.w.org\/{rel}","templated":true}]}}